{"id":3953,"date":"2025-01-21T12:44:35","date_gmt":"2025-01-21T10:44:35","guid":{"rendered":"https:\/\/3v.comadev.lv\/?post_type=product&#038;p=3953"},"modified":"2026-05-07T23:38:25","modified_gmt":"2026-05-07T20:38:25","slug":"daikin-8kw-altherma-3-r-mt-augstas-temperaturas-siltumsuknis-ar-k-u-tvertni-180l","status":"publish","type":"product","link":"https:\/\/3v.lv\/ru\/product\/daikin-8kw-altherma-3-r-mt-augstas-temperaturas-siltumsuknis-ar-k-u-tvertni-180l\/","title":{"rendered":"Daikin 8kW Altherma 3 R MT (Augst\u0101s temperat\u016bras siltums\u016bknis) ar k\/\u016b tvertni 180L"},"content":{"rendered":"","protected":false},"excerpt":{"rendered":"","protected":false},"featured_media":3955,"comment_status":"open","ping_status":"closed","template":"","meta":{"_acf_changed":false,"inline_featured_image":false},"product_brand":[],"product_cat":[37,20],"product_tag":[],"class_list":{"0":"post-3953","1":"product","2":"type-product","3":"status-publish","4":"has-post-thumbnail","6":"product_cat-vozduh-voda","7":"product_cat-heat-pumps","9":"first","10":"instock","11":"sale","12":"taxable","13":"shipping-taxable","14":"purchasable","15":"product-type-simple"},"acf":[],"_links":{"self":[{"href":"https:\/\/3v.lv\/ru\/wp-json\/wp\/v2\/product\/3953","targetHints":{"allow":["GET"]}}],"collection":[{"href":"https:\/\/3v.lv\/ru\/wp-json\/wp\/v2\/product"}],"about":[{"href":"https:\/\/3v.lv\/ru\/wp-json\/wp\/v2\/types\/product"}],"replies":[{"embeddable":true,"href":"https:\/\/3v.lv\/ru\/wp-json\/wp\/v2\/comments?post=3953"}],"wp:featuredmedia":[{"embeddable":true,"href":"https:\/\/3v.lv\/ru\/wp-json\/wp\/v2\/media\/3955"}],"wp:attachment":[{"href":"https:\/\/3v.lv\/ru\/wp-json\/wp\/v2\/media?parent=3953"}],"wp:term":[{"taxonomy":"product_brand","embeddable":true,"href":"https:\/\/3v.lv\/ru\/wp-json\/wp\/v2\/product_brand?post=3953"},{"taxonomy":"product_cat","embeddable":true,"href":"https:\/\/3v.lv\/ru\/wp-json\/wp\/v2\/product_cat?post=3953"},{"taxonomy":"product_tag","embeddable":true,"href":"https:\/\/3v.lv\/ru\/wp-json\/wp\/v2\/product_tag?post=3953"}],"curies":[{"name":"wp","href":"https:\/\/api.w.org\/{rel}","templated":true}]}}