{"id":4080,"date":"2025-01-28T14:26:28","date_gmt":"2025-01-28T12:26:28","guid":{"rendered":"https:\/\/3v.comadev.lv\/?post_type=product&#038;p=4080"},"modified":"2026-05-07T23:40:31","modified_gmt":"2026-05-07T20:40:31","slug":"thermia-calibra-eco-cool-8-kw-ar-k-u-tvertni-184l-ar-dzesesanas-funkciju","status":"publish","type":"product","link":"https:\/\/3v.lv\/ru\/product\/thermia-calibra-eco-cool-8-kw-ar-k-u-tvertni-184l-ar-dzesesanas-funkciju\/","title":{"rendered":"Thermia Calibra Eco Cool 8kW ar k\/\u016b tvertni 184L (ar dzes\u0113\u0161anas funkciju)"},"content":{"rendered":"","protected":false},"excerpt":{"rendered":"","protected":false},"featured_media":4061,"comment_status":"open","ping_status":"closed","template":"","meta":{"_acf_changed":false,"inline_featured_image":false},"product_brand":[],"product_cat":[36,20],"product_tag":[],"class_list":{"0":"post-4080","1":"product","2":"type-product","3":"status-publish","4":"has-post-thumbnail","6":"product_cat-zemlja-voda","7":"product_cat-heat-pumps","9":"first","10":"instock","11":"taxable","12":"shipping-taxable","13":"purchasable","14":"product-type-simple"},"acf":[],"_links":{"self":[{"href":"https:\/\/3v.lv\/ru\/wp-json\/wp\/v2\/product\/4080","targetHints":{"allow":["GET"]}}],"collection":[{"href":"https:\/\/3v.lv\/ru\/wp-json\/wp\/v2\/product"}],"about":[{"href":"https:\/\/3v.lv\/ru\/wp-json\/wp\/v2\/types\/product"}],"replies":[{"embeddable":true,"href":"https:\/\/3v.lv\/ru\/wp-json\/wp\/v2\/comments?post=4080"}],"wp:featuredmedia":[{"embeddable":true,"href":"https:\/\/3v.lv\/ru\/wp-json\/wp\/v2\/media\/4061"}],"wp:attachment":[{"href":"https:\/\/3v.lv\/ru\/wp-json\/wp\/v2\/media?parent=4080"}],"wp:term":[{"taxonomy":"product_brand","embeddable":true,"href":"https:\/\/3v.lv\/ru\/wp-json\/wp\/v2\/product_brand?post=4080"},{"taxonomy":"product_cat","embeddable":true,"href":"https:\/\/3v.lv\/ru\/wp-json\/wp\/v2\/product_cat?post=4080"},{"taxonomy":"product_tag","embeddable":true,"href":"https:\/\/3v.lv\/ru\/wp-json\/wp\/v2\/product_tag?post=4080"}],"curies":[{"name":"wp","href":"https:\/\/api.w.org\/{rel}","templated":true}]}}