{"id":5494,"date":"2025-06-18T09:41:22","date_gmt":"2025-06-18T06:41:22","guid":{"rendered":"https:\/\/3v.lv\/?post_type=product&#038;p=5494"},"modified":"2026-05-07T23:53:05","modified_gmt":"2026-05-07T20:53:05","slug":"bosch-compress-7000i-aw-9kw-monoenergetisks-rezims-kopirovat","status":"publish","type":"product","link":"https:\/\/3v.lv\/ru\/product\/bosch-compress-7000i-aw-9kw-monoenergetisks-rezims-kopirovat\/","title":{"rendered":"Bosch Compress 7000i AW 13kW (monoener\u0123\u0113tisks re\u017e\u012bms)"},"content":{"rendered":"","protected":false},"excerpt":{"rendered":"","protected":false},"featured_media":5458,"comment_status":"open","ping_status":"closed","template":"","meta":{"_acf_changed":false,"inline_featured_image":false},"product_brand":[],"product_cat":[37,20],"product_tag":[],"class_list":{"0":"post-5494","1":"product","2":"type-product","3":"status-publish","4":"has-post-thumbnail","6":"product_cat-vozduh-voda","7":"product_cat-heat-pumps","9":"first","10":"instock","11":"sale","12":"taxable","13":"shipping-taxable","14":"purchasable","15":"product-type-simple"},"acf":[],"_links":{"self":[{"href":"https:\/\/3v.lv\/ru\/wp-json\/wp\/v2\/product\/5494","targetHints":{"allow":["GET"]}}],"collection":[{"href":"https:\/\/3v.lv\/ru\/wp-json\/wp\/v2\/product"}],"about":[{"href":"https:\/\/3v.lv\/ru\/wp-json\/wp\/v2\/types\/product"}],"replies":[{"embeddable":true,"href":"https:\/\/3v.lv\/ru\/wp-json\/wp\/v2\/comments?post=5494"}],"wp:featuredmedia":[{"embeddable":true,"href":"https:\/\/3v.lv\/ru\/wp-json\/wp\/v2\/media\/5458"}],"wp:attachment":[{"href":"https:\/\/3v.lv\/ru\/wp-json\/wp\/v2\/media?parent=5494"}],"wp:term":[{"taxonomy":"product_brand","embeddable":true,"href":"https:\/\/3v.lv\/ru\/wp-json\/wp\/v2\/product_brand?post=5494"},{"taxonomy":"product_cat","embeddable":true,"href":"https:\/\/3v.lv\/ru\/wp-json\/wp\/v2\/product_cat?post=5494"},{"taxonomy":"product_tag","embeddable":true,"href":"https:\/\/3v.lv\/ru\/wp-json\/wp\/v2\/product_tag?post=5494"}],"curies":[{"name":"wp","href":"https:\/\/api.w.org\/{rel}","templated":true}]}}