{"id":6250,"date":"2025-07-15T17:00:33","date_gmt":"2025-07-15T14:00:33","guid":{"rendered":"https:\/\/3v.lv\/?post_type=product&#038;p=6250"},"modified":"2026-05-08T00:08:45","modified_gmt":"2026-05-07T21:08:45","slug":"filtrs-udens-mikstinasanas-filtrs-aquachief-cabinet-1017pc","status":"publish","type":"product","link":"https:\/\/3v.lv\/ru\/product\/filtrs-udens-mikstinasanas-filtrs-aquachief-cabinet-1017pc\/","title":{"rendered":"\u016adens m\u012bkstin\u0101\u0161anas filtrs GEYSER AQUACHIEF Cabinet 1017PC"},"content":{"rendered":"","protected":false},"excerpt":{"rendered":"","protected":false},"featured_media":6248,"comment_status":"open","ping_status":"closed","template":"","meta":{"_acf_changed":false,"inline_featured_image":false},"product_brand":[],"product_cat":[45],"product_tag":[],"class_list":{"0":"post-6250","1":"product","2":"type-product","3":"status-publish","4":"has-post-thumbnail","6":"product_cat-sistemy-ochistki-vody","8":"first","9":"instock","10":"taxable","11":"shipping-taxable","12":"purchasable","13":"product-type-simple"},"acf":[],"_links":{"self":[{"href":"https:\/\/3v.lv\/ru\/wp-json\/wp\/v2\/product\/6250","targetHints":{"allow":["GET"]}}],"collection":[{"href":"https:\/\/3v.lv\/ru\/wp-json\/wp\/v2\/product"}],"about":[{"href":"https:\/\/3v.lv\/ru\/wp-json\/wp\/v2\/types\/product"}],"replies":[{"embeddable":true,"href":"https:\/\/3v.lv\/ru\/wp-json\/wp\/v2\/comments?post=6250"}],"wp:featuredmedia":[{"embeddable":true,"href":"https:\/\/3v.lv\/ru\/wp-json\/wp\/v2\/media\/6248"}],"wp:attachment":[{"href":"https:\/\/3v.lv\/ru\/wp-json\/wp\/v2\/media?parent=6250"}],"wp:term":[{"taxonomy":"product_brand","embeddable":true,"href":"https:\/\/3v.lv\/ru\/wp-json\/wp\/v2\/product_brand?post=6250"},{"taxonomy":"product_cat","embeddable":true,"href":"https:\/\/3v.lv\/ru\/wp-json\/wp\/v2\/product_cat?post=6250"},{"taxonomy":"product_tag","embeddable":true,"href":"https:\/\/3v.lv\/ru\/wp-json\/wp\/v2\/product_tag?post=6250"}],"curies":[{"name":"wp","href":"https:\/\/api.w.org\/{rel}","templated":true}]}}